{"id":96,"date":"2024-11-22T15:38:02","date_gmt":"2024-11-22T15:38:02","guid":{"rendered":"https:\/\/test.meanwhile.nu\/?page_id=96"},"modified":"2025-01-20T15:12:05","modified_gmt":"2025-01-20T15:12:05","slug":"home","status":"publish","type":"page","link":"https:\/\/test.meanwhile.nu\/sv\/","title":{"rendered":"Home"},"content":{"rendered":"<div class=\"wp-block-cover alignfull is-light has-custom-content-position is-position-top-center has-base-2-color has-text-color has-link-color wp-elements-9ff5a1def15a4c43ab7e70f13b67d230 wp-duotone-rgba120106222077-ffffff-1\" style=\"min-height:957px;aspect-ratio:unset;\"><span aria-hidden=\"true\" class=\"wp-block-cover__background has-custom-color-4-background-color has-background-dim-0 has-background-dim\"><\/span><img loading=\"lazy\" decoding=\"async\" width=\"2560\" height=\"1706\" class=\"wp-block-cover__image-background wp-image-120\" alt=\"\" src=\"https:\/\/test.meanwhile.nu\/wp-content\/uploads\/2024\/11\/pexels-lum3n-44775-406014-scaled.jpg\" style=\"object-position:50% 75%\" data-object-fit=\"cover\" data-object-position=\"50% 75%\" srcset=\"https:\/\/test.meanwhile.nu\/wp-content\/uploads\/2024\/11\/pexels-lum3n-44775-406014-scaled.jpg 2560w, https:\/\/test.meanwhile.nu\/wp-content\/uploads\/2024\/11\/pexels-lum3n-44775-406014-300x200.jpg 300w, https:\/\/test.meanwhile.nu\/wp-content\/uploads\/2024\/11\/pexels-lum3n-44775-406014-1024x683.jpg 1024w, https:\/\/test.meanwhile.nu\/wp-content\/uploads\/2024\/11\/pexels-lum3n-44775-406014-768x512.jpg 768w, https:\/\/test.meanwhile.nu\/wp-content\/uploads\/2024\/11\/pexels-lum3n-44775-406014-1536x1024.jpg 1536w, https:\/\/test.meanwhile.nu\/wp-content\/uploads\/2024\/11\/pexels-lum3n-44775-406014-2048x1365.jpg 2048w\" sizes=\"auto, (max-width: 2560px) 100vw, 2560px\" \/><div class=\"wp-block-cover__inner-container has-global-padding is-layout-constrained wp-block-cover-is-layout-constrained\">\n<div class=\"wp-block-group alignwide is-vertical is-content-justification-left is-layout-flex wp-container-core-group-is-layout-2cf5772a wp-block-group-is-layout-flex\" style=\"margin-top:var(--wp--preset--spacing--30);margin-bottom:var(--wp--preset--spacing--30);padding-right:0;padding-left:0\">\n<div class=\"wp-block-group alignwide has-global-padding is-content-justification-left is-layout-constrained wp-container-core-group-is-layout-94c56b7a wp-block-group-is-layout-constrained\" style=\"padding-top:20px;padding-bottom:20px\">\n<h1 class=\"wp-block-heading has-text-color has-link-color wp-elements-86f749ca60d85eb2699c5294d0e2cea2\" style=\"color:#8a37c9\">SheltieCam<\/h1>\n\n\n\n<h2 class=\"wp-block-heading alignwide has-text-align-left has-custom-primary-color has-text-color has-link-color wp-elements-0e9e39da99cec6fae5df171dcf988890\">The world&#8217;s most portable and flexible pet camera!<\/h2>\n\n\n\n<div style=\"height:28px\" aria-hidden=\"true\" class=\"wp-block-spacer\"><\/div>\n\n\n\n<div class=\"wp-block-buttons is-content-justification-left is-layout-flex wp-container-core-buttons-is-layout-8ba0fbbc wp-block-buttons-is-layout-flex\" style=\"padding-right:0;padding-left:0\">\n<div class=\"wp-block-button has-custom-font-size\" style=\"font-size:clamp(14px, 0.875rem + ((1vw - 3.2px) * 0.208), 16px);line-height:1\"><a class=\"wp-block-button__link has-custom-primary-background-color has-background has-text-align-left wp-element-button\" href=\"https:\/\/docs.google.com\/forms\/d\/e\/1FAIpQLScH9QGc4hH8Dji8SVwryP3AFe-wPiGqf8-8sKC_NB2OIViHPA\/viewform?pli=1\" style=\"border-radius:3px;padding-top:15px;padding-right:32px;padding-bottom:15px;padding-left:32px\">Sign up to stay tuned<\/a><\/div>\n<\/div>\n<\/div>\n<\/div>\n<\/div><\/div>\n\n\n\n<div style=\"height:160px\" aria-hidden=\"true\" class=\"wp-block-spacer\"><\/div>\n\n\n\n<div class=\"wp-block-columns alignwide is-layout-flex wp-container-core-columns-is-layout-28f84493 wp-block-columns-is-layout-flex\">\n<div class=\"wp-block-column is-layout-flow wp-block-column-is-layout-flow\" style=\"flex-basis:66.66%\">\n<figure class=\"wp-block-image size-large has-custom-border\"><img loading=\"lazy\" decoding=\"async\" width=\"1024\" height=\"683\" src=\"https:\/\/test.meanwhile.nu\/wp-content\/uploads\/2024\/07\/product-pic-1024x683.png\" alt=\"\" class=\"wp-image-24\" style=\"border-radius:8px\" srcset=\"https:\/\/test.meanwhile.nu\/wp-content\/uploads\/2024\/07\/product-pic-1024x683.png 1024w, https:\/\/test.meanwhile.nu\/wp-content\/uploads\/2024\/07\/product-pic-300x200.png 300w, https:\/\/test.meanwhile.nu\/wp-content\/uploads\/2024\/07\/product-pic-768x512.png 768w, https:\/\/test.meanwhile.nu\/wp-content\/uploads\/2024\/07\/product-pic-1536x1024.png 1536w, https:\/\/test.meanwhile.nu\/wp-content\/uploads\/2024\/07\/product-pic.png 1920w\" sizes=\"auto, (max-width: 1024px) 100vw, 1024px\" \/><\/figure>\n<\/div>\n\n\n\n<div class=\"wp-block-column is-vertically-aligned-stretch is-layout-flow wp-block-column-is-layout-flow\" style=\"flex-basis:33.33%\">\n<h2 class=\"wp-block-heading alignwide has-text-align-left\" style=\"margin-top:var(--wp--preset--spacing--20);margin-bottom:var(--wp--preset--spacing--20)\">Se till att din hund \u00e4r s\u00e4ker, n\u00e4r som helst, var som helst!<\/h2>\n\n\n\n<p>SheltieCam is connected to an app on your phone, and it is equipped with a universal mount to be truly portable.<\/p>\n\n\n\n<p>The app can show you live video, temperature, audio, and motion. It is connected via both 4G and WiFi, so it will stay connected wherever you want to use it!<\/p>\n<\/div>\n<\/div>\n\n\n\n<div style=\"height:160px\" aria-hidden=\"true\" class=\"wp-block-spacer\"><\/div>\n\n\n\n<div class=\"wp-block-group alignwide has-global-padding is-layout-constrained wp-block-group-is-layout-constrained\">\n<div class=\"wp-block-group alignwide is-vertical is-content-justification-center is-layout-flex wp-container-core-group-is-layout-ce155fab wp-block-group-is-layout-flex\">\n<h2 class=\"wp-block-heading has-text-align-center has-custom-primary-color has-text-color has-link-color wp-elements-723b0b917895cba43c696fa8cf74f243\" style=\"margin-top:var(--wp--preset--spacing--10);margin-bottom:var(--wp--preset--spacing--10)\">Developed For An Active Dog Life<\/h2>\n<\/div>\n\n\n\n<div class=\"wp-block-columns alignwide is-layout-flex wp-container-core-columns-is-layout-98abe870 wp-block-columns-is-layout-flex\" style=\"padding-top:0;padding-right:0;padding-bottom:0;padding-left:0\">\n<div class=\"wp-block-column is-layout-flow wp-block-column-is-layout-flow\">\n<figure class=\"wp-block-image size-full is-style-rounded is-style-rounded--2\"><img loading=\"lazy\" decoding=\"async\" width=\"1080\" height=\"1080\" src=\"https:\/\/test.meanwhile.nu\/wp-content\/uploads\/2024\/07\/Ikon-4g.png\" alt=\"\" class=\"wp-image-28\" style=\"aspect-ratio:1;object-fit:cover\" srcset=\"https:\/\/test.meanwhile.nu\/wp-content\/uploads\/2024\/07\/Ikon-4g.png 1080w, https:\/\/test.meanwhile.nu\/wp-content\/uploads\/2024\/07\/Ikon-4g-300x300.png 300w, https:\/\/test.meanwhile.nu\/wp-content\/uploads\/2024\/07\/Ikon-4g-1024x1024.png 1024w, https:\/\/test.meanwhile.nu\/wp-content\/uploads\/2024\/07\/Ikon-4g-150x150.png 150w, https:\/\/test.meanwhile.nu\/wp-content\/uploads\/2024\/07\/Ikon-4g-768x768.png 768w\" sizes=\"auto, (max-width: 1080px) 100vw, 1080px\" \/><\/figure>\n\n\n\n<div class=\"wp-block-group is-vertical is-content-justification-center is-nowrap is-layout-flex wp-container-core-group-is-layout-21d4e958 wp-block-group-is-layout-flex\">\n<p class=\"has-text-align-center has-small-font-size\"><strong>Unlimited range with 4G connection<\/strong><\/p>\n<\/div>\n<\/div>\n\n\n\n<div class=\"wp-block-column is-layout-flow wp-block-column-is-layout-flow\">\n<figure class=\"wp-block-image size-full is-style-rounded is-style-rounded--3\"><img loading=\"lazy\" decoding=\"async\" width=\"1080\" height=\"1080\" src=\"https:\/\/test.meanwhile.nu\/wp-content\/uploads\/2024\/07\/Ikon-batteri.png\" alt=\"\" class=\"wp-image-29\" style=\"aspect-ratio:1;object-fit:cover\" srcset=\"https:\/\/test.meanwhile.nu\/wp-content\/uploads\/2024\/07\/Ikon-batteri.png 1080w, https:\/\/test.meanwhile.nu\/wp-content\/uploads\/2024\/07\/Ikon-batteri-300x300.png 300w, https:\/\/test.meanwhile.nu\/wp-content\/uploads\/2024\/07\/Ikon-batteri-1024x1024.png 1024w, https:\/\/test.meanwhile.nu\/wp-content\/uploads\/2024\/07\/Ikon-batteri-150x150.png 150w, https:\/\/test.meanwhile.nu\/wp-content\/uploads\/2024\/07\/Ikon-batteri-768x768.png 768w\" sizes=\"auto, (max-width: 1080px) 100vw, 1080px\" \/><\/figure>\n\n\n\n<div class=\"wp-block-group is-vertical is-content-justification-center is-nowrap is-layout-flex wp-container-core-group-is-layout-63bfd6c1 wp-block-group-is-layout-flex\">\n<p class=\"has-text-align-center has-small-font-size\"><strong>Full portability with rechargeable battery<\/strong><\/p>\n<\/div>\n<\/div>\n\n\n\n<div class=\"wp-block-column is-layout-flow wp-block-column-is-layout-flow\">\n<figure class=\"wp-block-image size-full is-style-rounded is-style-rounded--4\"><img loading=\"lazy\" decoding=\"async\" width=\"1080\" height=\"1080\" src=\"https:\/\/test.meanwhile.nu\/wp-content\/uploads\/2024\/07\/Ikon-notis.png\" alt=\"\" class=\"wp-image-30\" style=\"aspect-ratio:1;object-fit:cover\" srcset=\"https:\/\/test.meanwhile.nu\/wp-content\/uploads\/2024\/07\/Ikon-notis.png 1080w, https:\/\/test.meanwhile.nu\/wp-content\/uploads\/2024\/07\/Ikon-notis-300x300.png 300w, https:\/\/test.meanwhile.nu\/wp-content\/uploads\/2024\/07\/Ikon-notis-1024x1024.png 1024w, https:\/\/test.meanwhile.nu\/wp-content\/uploads\/2024\/07\/Ikon-notis-150x150.png 150w, https:\/\/test.meanwhile.nu\/wp-content\/uploads\/2024\/07\/Ikon-notis-768x768.png 768w\" sizes=\"auto, (max-width: 1080px) 100vw, 1080px\" \/><\/figure>\n\n\n\n<div class=\"wp-block-group is-vertical is-content-justification-center is-nowrap is-layout-flex wp-container-core-group-is-layout-63bfd6c1 wp-block-group-is-layout-flex\">\n<p class=\"has-text-align-center has-small-font-size\"><strong>Stay on top of things <\/strong><\/p>\n\n\n\n<p class=\"has-text-align-center has-small-font-size\"><strong>&#8211; Alerts &amp; warnings<\/strong><\/p>\n<\/div>\n<\/div>\n\n\n\n<div class=\"wp-block-column is-layout-flow wp-block-column-is-layout-flow\">\n<figure class=\"wp-block-image size-full is-style-rounded is-style-rounded--5\"><img loading=\"lazy\" decoding=\"async\" width=\"1080\" height=\"1080\" src=\"https:\/\/test.meanwhile.nu\/wp-content\/uploads\/2024\/07\/Ikon-mount.png\" alt=\"\" class=\"wp-image-31\" style=\"aspect-ratio:1;object-fit:cover\" srcset=\"https:\/\/test.meanwhile.nu\/wp-content\/uploads\/2024\/07\/Ikon-mount.png 1080w, https:\/\/test.meanwhile.nu\/wp-content\/uploads\/2024\/07\/Ikon-mount-300x300.png 300w, https:\/\/test.meanwhile.nu\/wp-content\/uploads\/2024\/07\/Ikon-mount-1024x1024.png 1024w, https:\/\/test.meanwhile.nu\/wp-content\/uploads\/2024\/07\/Ikon-mount-150x150.png 150w, https:\/\/test.meanwhile.nu\/wp-content\/uploads\/2024\/07\/Ikon-mount-768x768.png 768w\" sizes=\"auto, (max-width: 1080px) 100vw, 1080px\" \/><\/figure>\n\n\n\n<div class=\"wp-block-group is-vertical is-content-justification-center is-nowrap is-layout-flex wp-container-core-group-is-layout-21d4e958 wp-block-group-is-layout-flex\">\n<p class=\"has-text-align-center has-small-font-size\"><strong>Easy universal mounting <\/strong><\/p>\n\n\n\n<p class=\"has-text-align-center has-small-font-size\"><strong>&#8211; No tools needed<\/strong><\/p>\n<\/div>\n<\/div>\n<\/div>\n\n\n\n<div style=\"height:40px\" aria-hidden=\"true\" class=\"wp-block-spacer\"><\/div>\n\n\n\n<div class=\"wp-block-columns alignwide is-layout-flex wp-container-core-columns-is-layout-98abe870 wp-block-columns-is-layout-flex\" style=\"padding-top:0;padding-right:0;padding-bottom:0;padding-left:0\">\n<div class=\"wp-block-column is-layout-flow wp-block-column-is-layout-flow\">\n<figure class=\"wp-block-image size-full is-style-rounded is-style-rounded--6\"><img loading=\"lazy\" decoding=\"async\" width=\"721\" height=\"677\" src=\"https:\/\/test.meanwhile.nu\/wp-content\/uploads\/2024\/12\/image-2.png\" alt=\"\" class=\"wp-image-355\" style=\"aspect-ratio:1;object-fit:cover\" srcset=\"https:\/\/test.meanwhile.nu\/wp-content\/uploads\/2024\/12\/image-2.png 721w, https:\/\/test.meanwhile.nu\/wp-content\/uploads\/2024\/12\/image-2-300x282.png 300w, https:\/\/test.meanwhile.nu\/wp-content\/uploads\/2024\/12\/image-2-13x12.png 13w\" sizes=\"auto, (max-width: 721px) 100vw, 721px\" \/><\/figure>\n\n\n\n<div class=\"wp-block-group is-vertical is-content-justification-center is-nowrap is-layout-flex wp-container-core-group-is-layout-21d4e958 wp-block-group-is-layout-flex\">\n<p class=\"has-text-align-center has-small-font-size\"><strong>Watch live video and record sessions<\/strong><\/p>\n<\/div>\n<\/div>\n\n\n\n<div class=\"wp-block-column is-layout-flow wp-block-column-is-layout-flow\">\n<figure class=\"wp-block-image size-full is-style-rounded is-style-rounded--7\"><img loading=\"lazy\" decoding=\"async\" width=\"686\" height=\"593\" src=\"https:\/\/test.meanwhile.nu\/wp-content\/uploads\/2024\/12\/image-3.png\" alt=\"\" class=\"wp-image-356\" style=\"aspect-ratio:1;object-fit:cover\" srcset=\"https:\/\/test.meanwhile.nu\/wp-content\/uploads\/2024\/12\/image-3.png 686w, https:\/\/test.meanwhile.nu\/wp-content\/uploads\/2024\/12\/image-3-300x259.png 300w, https:\/\/test.meanwhile.nu\/wp-content\/uploads\/2024\/12\/image-3-14x12.png 14w\" sizes=\"auto, (max-width: 686px) 100vw, 686px\" \/><\/figure>\n\n\n\n<div class=\"wp-block-group is-vertical is-content-justification-center is-nowrap is-layout-flex wp-container-core-group-is-layout-63bfd6c1 wp-block-group-is-layout-flex\">\n<p class=\"has-text-align-center has-small-font-size\"><strong>See live and historic temperature<\/strong><\/p>\n<\/div>\n<\/div>\n\n\n\n<div class=\"wp-block-column is-layout-flow wp-block-column-is-layout-flow\">\n<figure class=\"wp-block-image size-full is-style-rounded is-style-rounded--8\"><img loading=\"lazy\" decoding=\"async\" width=\"748\" height=\"586\" src=\"https:\/\/test.meanwhile.nu\/wp-content\/uploads\/2024\/12\/image-4.png\" alt=\"\" class=\"wp-image-357\" style=\"aspect-ratio:1;object-fit:cover\" srcset=\"https:\/\/test.meanwhile.nu\/wp-content\/uploads\/2024\/12\/image-4.png 748w, https:\/\/test.meanwhile.nu\/wp-content\/uploads\/2024\/12\/image-4-300x235.png 300w, https:\/\/test.meanwhile.nu\/wp-content\/uploads\/2024\/12\/image-4-15x12.png 15w\" sizes=\"auto, (max-width: 748px) 100vw, 748px\" \/><\/figure>\n\n\n\n<div class=\"wp-block-group is-vertical is-content-justification-center is-nowrap is-layout-flex wp-container-core-group-is-layout-63bfd6c1 wp-block-group-is-layout-flex\">\n<p class=\"has-text-align-center has-small-font-size\"><strong>Listen to all sounds<\/strong><\/p>\n<\/div>\n<\/div>\n\n\n\n<div class=\"wp-block-column is-layout-flow wp-block-column-is-layout-flow\">\n<figure class=\"wp-block-image size-full is-style-rounded is-style-rounded--9\"><img loading=\"lazy\" decoding=\"async\" width=\"709\" height=\"662\" src=\"https:\/\/test.meanwhile.nu\/wp-content\/uploads\/2024\/12\/image-6.png\" alt=\"\" class=\"wp-image-359\" style=\"aspect-ratio:1;object-fit:cover\" srcset=\"https:\/\/test.meanwhile.nu\/wp-content\/uploads\/2024\/12\/image-6.png 709w, https:\/\/test.meanwhile.nu\/wp-content\/uploads\/2024\/12\/image-6-300x280.png 300w, https:\/\/test.meanwhile.nu\/wp-content\/uploads\/2024\/12\/image-6-13x12.png 13w\" sizes=\"auto, (max-width: 709px) 100vw, 709px\" \/><\/figure>\n\n\n\n<div class=\"wp-block-group is-vertical is-content-justification-center is-nowrap is-layout-flex wp-container-core-group-is-layout-21d4e958 wp-block-group-is-layout-flex\">\n<p class=\"has-text-align-center has-small-font-size\"><strong>Motion sensor to detect distress<\/strong><\/p>\n<\/div>\n<\/div>\n<\/div>\n<\/div>\n\n\n\n<div style=\"height:160px\" aria-hidden=\"true\" class=\"wp-block-spacer\"><\/div>\n\n\n\n<div class=\"wp-block-columns alignwide is-layout-flex wp-container-core-columns-is-layout-a85f4655 wp-block-columns-is-layout-flex\">\n<div class=\"wp-block-column is-vertically-aligned-center is-layout-flow wp-block-column-is-layout-flow\" style=\"flex-basis:40%\">\n<h2 class=\"wp-block-heading has-text-align-left has-custom-primary-color has-text-color has-link-color wp-elements-5bf8d439817eb9da1e5d1db4d373280b\" style=\"margin-top:var(--wp--preset--spacing--10);margin-bottom:var(--wp--preset--spacing--10)\">You can use SheltieCam when&#8230;<\/h2>\n\n\n\n<ul style=\"line-height:1.75\" class=\"wp-block-list is-style-checkmark-list\">\n<li>Traveling with your dog in a car cage<\/li>\n\n\n\n<li>Going camping and leaving your dog in the tent<\/li>\n\n\n\n<li>Going to dog shows or competitions and letting your dog rest in a canvas cage or exhibition tent<\/li>\n\n\n\n<li>Leaving your dog in a hotel room or summer cabin<\/li>\n\n\n\n<li>Training your dog to feel safe and happy when left alone<\/li>\n\n\n\n<li>Treating and training dogs with separation anxiety<\/li>\n\n\n\n<li>&#8230;And many more places, the sky is the limit!<\/li>\n<\/ul>\n<\/div>\n\n\n\n<div class=\"wp-block-column is-layout-flow wp-block-column-is-layout-flow\" style=\"flex-basis:50%\">\n<figure class=\"wp-block-image size-large has-custom-border is-style-rounded is-style-rounded--10\"><img loading=\"lazy\" decoding=\"async\" width=\"1024\" height=\"617\" src=\"https:\/\/test.meanwhile.nu\/wp-content\/uploads\/2024\/07\/Aska-hoppar_red-1024x617.png\" alt=\"\" class=\"wp-image-34\" style=\"border-radius:8px\" srcset=\"https:\/\/test.meanwhile.nu\/wp-content\/uploads\/2024\/07\/Aska-hoppar_red-1024x617.png 1024w, https:\/\/test.meanwhile.nu\/wp-content\/uploads\/2024\/07\/Aska-hoppar_red-300x181.png 300w, https:\/\/test.meanwhile.nu\/wp-content\/uploads\/2024\/07\/Aska-hoppar_red-768x463.png 768w, https:\/\/test.meanwhile.nu\/wp-content\/uploads\/2024\/07\/Aska-hoppar_red.png 1432w\" sizes=\"auto, (max-width: 1024px) 100vw, 1024px\" \/><\/figure>\n<\/div>\n<\/div>\n\n\n\n<div style=\"height:160px\" aria-hidden=\"true\" class=\"wp-block-spacer\"><\/div>\n\n\n\n<div class=\"wp-block-media-text alignwide is-stacked-on-mobile\" style=\"grid-template-columns:46% auto\"><figure class=\"wp-block-media-text__media\"><video controls src=\"https:\/\/test.meanwhile.nu\/wp-content\/uploads\/2024\/07\/Video-utan-KS-2.mp4\"><\/video><\/figure><div class=\"wp-block-media-text__content\">\n<h2 class=\"wp-block-heading has-text-align-left\">our mission<\/h2>\n\n\n\n<p class=\"has-text-align-left\">We aim for peace of mind for dog owners, safety and happiness for dogs.<\/p>\n\n\n\n<p>We are dog and tech lovers who combine our passions to create a product that will help both humans and dogs. We want to provide peace of mind for dog owners and make sure our dogs are safe and happy, and do it properly with a big focus on quality and sustainability.<\/p>\n\n\n\n<div class=\"wp-block-buttons is-content-justification-left is-layout-flex wp-container-core-buttons-is-layout-fc4fd283 wp-block-buttons-is-layout-flex\">\n<div class=\"wp-block-button\"><a class=\"wp-block-button__link wp-element-button\" href=\"https:\/\/test.meanwhile.nu\/sv\/about-us\/\" target=\"_blank\" rel=\"noreferrer noopener\">About us<\/a><\/div>\n<\/div>\n<\/div><\/div>\n\n\n\n<div style=\"height:160px\" aria-hidden=\"true\" class=\"wp-block-spacer\"><\/div>\n\n\n\n<div class=\"wp-block-group alignfull has-custom-neutral-black-05-color has-custom-color-5-background-color has-text-color has-background has-global-padding is-layout-constrained wp-container-core-group-is-layout-aa70e9e9 wp-block-group-is-layout-constrained\" style=\"margin-top:0;margin-bottom:0;padding-top:var(--wp--preset--spacing--50);padding-right:var(--wp--preset--spacing--40);padding-bottom:var(--wp--preset--spacing--50);padding-left:var(--wp--preset--spacing--40)\">\n<div class=\"wp-block-group has-global-padding is-layout-constrained wp-block-group-is-layout-constrained\">\n<p class=\"has-text-align-center has-custom-neutral-black-05-color has-text-color has-heading-font-family has-large-font-size\" style=\"line-height:1.2\">\u201cI am positively surprised! Not that I thought it would be a bad product, but because I didn&#8217;t know you could create something this good!\u201d<\/p>\n\n\n\n<div style=\"height:var(--wp--preset--spacing--10)\" aria-hidden=\"true\" class=\"wp-block-spacer\"><\/div>\n\n\n\n<div class=\"wp-block-group is-vertical is-content-justification-center is-nowrap is-layout-flex wp-container-core-group-is-layout-2dc08cea wp-block-group-is-layout-flex\">\n<figure class=\"wp-block-image aligncenter size-thumbnail is-resized has-custom-border\"><img loading=\"lazy\" decoding=\"async\" width=\"150\" height=\"150\" src=\"https:\/\/test.meanwhile.nu\/wp-content\/uploads\/2024\/07\/Ikon-person-150x150.png\" alt=\"\" class=\"wp-image-35\" style=\"border-radius:100px;object-fit:cover;width:122px;height:auto\" srcset=\"https:\/\/test.meanwhile.nu\/wp-content\/uploads\/2024\/07\/Ikon-person-150x150.png 150w, https:\/\/test.meanwhile.nu\/wp-content\/uploads\/2024\/07\/Ikon-person-300x300.png 300w, https:\/\/test.meanwhile.nu\/wp-content\/uploads\/2024\/07\/Ikon-person-1024x1024.png 1024w, https:\/\/test.meanwhile.nu\/wp-content\/uploads\/2024\/07\/Ikon-person-768x768.png 768w, https:\/\/test.meanwhile.nu\/wp-content\/uploads\/2024\/07\/Ikon-person.png 1080w\" sizes=\"auto, (max-width: 150px) 100vw, 150px\" \/><\/figure>\n\n\n\n<p class=\"has-text-align-center\" style=\"margin-top:var(--wp--preset--spacing--10);margin-bottom:0\">Jane Doe<\/p>\n\n\n\n<p class=\"has-text-align-center has-custom-color-7-color has-text-color has-link-color has-small-font-size wp-elements-b09d4ec0ea4ce55380ae8bdce6591d4b\" style=\"font-style:normal;font-weight:300\">One of our prototype testers<\/p>\n<\/div>\n<\/div>\n<\/div>\n\n\n\n<div style=\"height:120px\" aria-hidden=\"true\" class=\"wp-block-spacer\"><\/div>\n\n\n\n<div class=\"wp-block-columns is-layout-flex wp-container-core-columns-is-layout-28f84493 wp-block-columns-is-layout-flex\">\n<div class=\"wp-block-column is-vertically-aligned-center is-layout-flow wp-block-column-is-layout-flow\" style=\"flex-basis:66.66%\">\n<h2 class=\"wp-block-heading has-text-align-left\">Stay in touch <\/h2>\n\n\n\n<div class=\"wp-block-group has-global-padding is-layout-constrained wp-container-core-group-is-layout-b4352495 wp-block-group-is-layout-constrained\">\n<p class=\"has-text-align-left\">Sign up for our updates and special offers!<\/p>\n\n\n\n<div class=\"wp-block-buttons is-horizontal is-content-justification-left is-layout-flex wp-container-core-buttons-is-layout-f3a001e7 wp-block-buttons-is-layout-flex\" style=\"margin-top:var(--wp--preset--spacing--20);margin-bottom:0\">\n<div class=\"wp-block-button\"><a class=\"wp-block-button__link wp-element-button\" href=\"https:\/\/docs.google.com\/forms\/d\/e\/1FAIpQLScH9QGc4hH8Dji8SVwryP3AFe-wPiGqf8-8sKC_NB2OIViHPA\/viewform?pli=1\">Sign up<\/a><\/div>\n<\/div>\n<\/div>\n\n\n\n<p><\/p>\n<\/div>\n\n\n\n<div class=\"wp-block-column is-layout-flow wp-block-column-is-layout-flow\" style=\"flex-basis:33.33%\">\n<figure class=\"wp-block-image size-full\"><img loading=\"lazy\" decoding=\"async\" width=\"421\" height=\"560\" src=\"https:\/\/test.meanwhile.nu\/wp-content\/uploads\/2024\/11\/Group-1-edited-1.png\" alt=\"\" class=\"wp-image-215\" srcset=\"https:\/\/test.meanwhile.nu\/wp-content\/uploads\/2024\/11\/Group-1-edited-1.png 421w, https:\/\/test.meanwhile.nu\/wp-content\/uploads\/2024\/11\/Group-1-edited-1-226x300.png 226w, https:\/\/test.meanwhile.nu\/wp-content\/uploads\/2024\/11\/Group-1-edited-1-9x12.png 9w\" sizes=\"auto, (max-width: 421px) 100vw, 421px\" \/><\/figure>\n<\/div>\n<\/div>\n\n\n\n<p><\/p>","protected":false},"excerpt":{"rendered":"<p>Make sure your dog is safe, whenever, wherever! SheltieCam is connected to an app on your phone, and it is equipped with a universal mount to be truly portable. The app can show you live video, temperature, audio, and motion. It is connected via both 4G and WiFi, so it will stay connected wherever you [&hellip;]<\/p>","protected":false},"author":2,"featured_media":0,"parent":0,"menu_order":0,"comment_status":"closed","ping_status":"closed","template":"","meta":{"footnotes":""},"class_list":["post-96","page","type-page","status-publish","hentry"],"_links":{"self":[{"href":"https:\/\/test.meanwhile.nu\/sv\/wp-json\/wp\/v2\/pages\/96","targetHints":{"allow":["GET"]}}],"collection":[{"href":"https:\/\/test.meanwhile.nu\/sv\/wp-json\/wp\/v2\/pages"}],"about":[{"href":"https:\/\/test.meanwhile.nu\/sv\/wp-json\/wp\/v2\/types\/page"}],"author":[{"embeddable":true,"href":"https:\/\/test.meanwhile.nu\/sv\/wp-json\/wp\/v2\/users\/2"}],"replies":[{"embeddable":true,"href":"https:\/\/test.meanwhile.nu\/sv\/wp-json\/wp\/v2\/comments?post=96"}],"version-history":[{"count":73,"href":"https:\/\/test.meanwhile.nu\/sv\/wp-json\/wp\/v2\/pages\/96\/revisions"}],"predecessor-version":[{"id":383,"href":"https:\/\/test.meanwhile.nu\/sv\/wp-json\/wp\/v2\/pages\/96\/revisions\/383"}],"wp:attachment":[{"href":"https:\/\/test.meanwhile.nu\/sv\/wp-json\/wp\/v2\/media?parent=96"}],"curies":[{"name":"wp","href":"https:\/\/api.w.org\/{rel}","templated":true}]}}